{"id":422,"date":"2021-10-21T11:51:11","date_gmt":"2021-10-21T09:51:11","guid":{"rendered":"https:\/\/reckinger-alfred.lu\/?page_id=422"},"modified":"2022-03-23T17:06:45","modified_gmt":"2022-03-23T16:06:45","slug":"politique-de-cookies","status":"publish","type":"page","link":"https:\/\/reckinger-alfred.lu\/fr\/politique-de-cookies\/","title":{"rendered":"Politique de cookies"},"content":{"rendered":"<p>L\u2019utilisateur du site reckinger-alfred.lu est inform\u00e9 que le site utilise des cookies lors de sa navigation. La page ci-dessous vous permet de comprendre comment fonctionnent les cookies et de param\u00e9trer ces derniers.<\/p>\n<h2>1. QU\u2019EST-CE QU\u2019UN COOKIE ?<\/h2>\n<p>Un cookie est un fichier texte de taille r\u00e9duite contenant des informations, qui est enregistr\u00e9 sur le terminal avec lequel vous consultez un site internet (ordinateur, tablette, smartphone).<\/p>\n<p>Un cookie contient plusieurs informations :<\/p>\n<ul>\n<li>un identifiant, sous forme de num\u00e9ro unique ;<\/li>\n<li>le nom du serveur qui a d\u00e9pos\u00e9 le cookie sur votre machine ;<\/li>\n<li>la date d\u2019expiration ou la dur\u00e9e de validit\u00e9 du fichier ;<\/li>\n<li>des informations permettant d\u2019am\u00e9liorer votre navigation ;<\/li>\n<\/ul>\n<p>Il existe deux types de cookies :<\/p>\n<ul>\n<li>les cookies de sessions, disparaissant d\u00e8s que vous quittez le site ;<\/li>\n<li>les cookies permanents, qui restent sur votre terminal jusqu\u2019\u00e0 expiration de leur dur\u00e9e de vie, ou jusqu\u2019\u00e0 suppression manuelle ;<\/li>\n<\/ul>\n<p>Les cookies ne sont pas des logiciels espions ni des virus, et ne permettent pas de vous identifier personnellement. Le navigateur avec lequel vous consultez un site internet permet d\u2019accepter ou de refuser les cookies (voir ci-dessous).<\/p>\n<h2>2. POURQUOI RECKINGER-ALFRED.LU UTILISE-T-IL DES COOKIES ?<\/h2>\n<p>Le site reckinger-alfred.lu utilise des cookies afin d\u2019am\u00e9liorer votre navigation sur le site. Le site utilise 3 types de cookies dont les finalit\u00e9s sont d\u00e9crites ci-dessous :<\/p>\n<ul>\n<li>les cookies\u00a0reckinger-alfred.lu<\/li>\n<li>les cookies de mesure d\u2019audience<\/li>\n<li>les cookies publicitaires<\/li>\n<\/ul>\n<h2>COOKIES INTERNES<\/h2>\n<p>Les cookies internes sont utilis\u00e9s par le site que vous visitez et ne peuvent \u00eatre lus que par lui.<\/p>\n<h2>COOKIES TIERS<\/h2>\n<p>Les cookies tiers sont utilis\u00e9s par des organisations tierces qui nous fournissent diff\u00e9rents services. Par exemple, nous faisons appel aux services d\u2019analystes ext\u00e9rieurs, qui utilisent des cookies en notre nom pour identifier les pages les plus visit\u00e9es et celles qui le sont moins. Le site que vous visitez peut aussi inclure du contenu de sites tiers, tels que YouTube, et ces sites peuvent utiliser leurs propres cookies.<\/p>\n<h2>LES COOKIES RECKINGER-ALFRED.LU<\/h2>\n<p>Ces cookies sont n\u00e9cessaires et contribuent \u00e0 rendre reckinger-alfred.lu utilisable en activant des fonctions de base comme la navigation de page et l\u2019acc\u00e8s aux zones s\u00e9curis\u00e9s du site Web. Le site Web ne peut pas fonctionner correctement sans ces cookies.<\/p>\n<table>\n<tbody>\n<tr>\n<td width=\"204\">NOM DU COOKIE<\/td>\n<td width=\"204\">FINALIT\u00c9<\/td>\n<td width=\"204\">DUR\u00c9E DE CONSERVATION<\/td>\n<\/tr>\n<tr>\n<td width=\"204\"><strong>rgpd-consent<\/strong><\/td>\n<td width=\"204\">Utilis\u00e9 globalement les types de fonctionnalit\u00e9s et services de tiers.<\/td>\n<td width=\"204\">30 jours<\/td>\n<\/tr>\n<tr>\n<td width=\"204\"><strong>rgpd-allow-analytics<\/strong><\/td>\n<td width=\"204\">Utilis\u00e9 pour activer les services de statistiques de Google Analytics.<\/td>\n<td width=\"204\">30 jours<\/td>\n<\/tr>\n<tr>\n<td width=\"204\"><strong>ga-disable-UA-(propertyid)-1<\/strong><\/td>\n<td width=\"204\">Utilis\u00e9 pour emp\u00eacher l\u2019envoi de cookies au service Google Analytics.<\/td>\n<td width=\"204\">30 jours<\/td>\n<\/tr>\n<tr>\n<td width=\"204\"><strong>rgpd-visited<\/strong><\/td>\n<td width=\"204\">Utilis\u00e9 pour savoir s\u2019il s\u2019agit de la premi\u00e8re visite de l\u2019utilisateur ou d\u2019une visite subs\u00e9quente, de fa\u00e7on \u00e0 appliquer ou pas le consentement implicite via continuation de la navigation<\/td>\n<td width=\"204\">30 jours<\/td>\n<\/tr>\n<\/tbody>\n<\/table>\n<h2>LES COOKIES DE MESURE D\u2019AUDIENCE<\/h2>\n<p>Les cookies de mesure d\u2019audience recueillent des informations sur la fa\u00e7on dont les internautes utilisent le site web reckinger-alfred.lu (par exemple : nombre de pages vues, dur\u00e9e de connexion, pages les plus visit\u00e9es, etc.). Le site reckinger-alfred.lu utilise la solution de web-analytique Google Analytics, solution d\u00e9velopp\u00e9e par la soci\u00e9t\u00e9 Google Inc. Les donn\u00e9es collect\u00e9es concernent la navigation sur le site ainsi que votre adresse IP qui d\u00e9termine votre situation g\u00e9ographique. Cette derni\u00e8re donn\u00e9e est imm\u00e9diatement rendue anonyme apr\u00e8s identification.<\/p>\n<table>\n<tbody>\n<tr>\n<td width=\"204\">NOM DU COOKIE<\/td>\n<td width=\"204\">FINALIT\u00c9<\/td>\n<td width=\"204\">DUR\u00c9E DE CONSERVATION<\/td>\n<\/tr>\n<tr>\n<td width=\"204\"><strong>_utma<\/strong><\/td>\n<td width=\"204\">Recueille des donn\u00e9es sur le nombre de fois qu\u2019un utilisateur a visit\u00e9 le site web ainsi que les dates de la premi\u00e8re et la derni\u00e8re visite.<\/td>\n<td width=\"204\">2 ann\u00e9es<\/td>\n<\/tr>\n<tr>\n<td width=\"204\"><strong>_utmb<\/strong><\/td>\n<td width=\"204\">Enregistre un horodatage du moment exact de l\u2019acc\u00e8s au site par l\u2019utilisateur. Utilis\u00e9 par Google Analytics pour calculer la dur\u00e9e de visite d\u2019un site web.<\/td>\n<td width=\"204\">Temps de la session<\/td>\n<\/tr>\n<tr>\n<td width=\"204\"><strong>_utmc<\/strong><\/td>\n<td width=\"204\">Enregistre un horodatage du moment exact de la sortie du site par l\u2019utilisateur. Utilis\u00e9 par Google Analytics pour calculer la dur\u00e9e de visite d\u2019un site web.<\/td>\n<td width=\"204\">Temps de la session<\/td>\n<\/tr>\n<tr>\n<td width=\"204\"><strong>_utmt<\/strong><\/td>\n<td width=\"204\">Utilis\u00e9 pour ralentir la vitesse de requ\u00eates envoy\u00e9es au serveur.<\/td>\n<td width=\"204\">Temps de la session<\/td>\n<\/tr>\n<tr>\n<td width=\"204\"><strong>_utmz<\/strong><\/td>\n<td width=\"204\">Recueille des donn\u00e9es sur la provenance de l\u2019utilisateur, le moteur de recherche, le lien cliqu\u00e9 et le crit\u00e8re de recherche utilis\u00e9s. Utilis\u00e9 par Google Analytics.<\/td>\n<td width=\"204\">6 mois<\/td>\n<\/tr>\n<\/tbody>\n<\/table>\n<h2>LES COOKIES PUBLICITAIRES<\/h2>\n<p>Les cookies publicitaires sont utilis\u00e9s pour effectuer le suivi des visiteurs au travers des sites web. Le but est d\u2019afficher des publicit\u00e9s qui sont pertinentes et int\u00e9ressantes pour l\u2019utilisateur individuel et donc plus pr\u00e9cieuses pour les \u00e9diteurs et annonceurs tiers.<\/p>\n<table>\n<tbody>\n<tr>\n<td width=\"204\">NOM DU COOKIE<\/td>\n<td width=\"204\">FINALIT\u00c9<\/td>\n<td width=\"204\">DUR\u00c9E DE CONSERVATION<\/td>\n<\/tr>\n<tr>\n<td width=\"204\"><strong>PREF<\/strong><\/td>\n<td rowspan=\"15\" width=\"204\">Ces cookies sont utilis\u00e9s par Google pour permettre et mesurer les fonctionnalit\u00e9s de Google Maps sur le site.<\/td>\n<td width=\"204\">8 mois<\/td>\n<\/tr>\n<tr>\n<td width=\"204\"><strong>VISITOR_INFO1_LIVE<\/strong><\/td>\n<td width=\"204\">179 jours<\/td>\n<\/tr>\n<tr>\n<td width=\"204\"><strong>YSC<\/strong><\/td>\n<td width=\"204\">Temps de la session<\/td>\n<\/tr>\n<tr>\n<td width=\"204\"><strong>enabledapps.uploader<\/strong><\/td>\n<td width=\"204\">1 mois<\/td>\n<\/tr>\n<tr>\n<td width=\"204\"><strong>_gads<\/strong><\/td>\n<td width=\"204\">2 ann\u00e9es<\/td>\n<\/tr>\n<tr>\n<td width=\"204\"><strong>1P_JAR<\/strong><\/td>\n<td width=\"204\">1 mois<\/td>\n<\/tr>\n<tr>\n<td width=\"204\"><strong>APISID<\/strong><\/td>\n<td width=\"204\">Temps de la session<\/td>\n<\/tr>\n<tr>\n<td width=\"204\"><strong>CONSENT<\/strong><\/td>\n<td width=\"204\">Temps de la session<\/td>\n<\/tr>\n<tr>\n<td><strong>DSID<\/strong><\/td>\n<td><\/td>\n<\/tr>\n<tr>\n<td width=\"204\"><strong>HSID<\/strong><\/td>\n<td width=\"204\">2 ann\u00e9es<\/td>\n<\/tr>\n<tr>\n<td width=\"204\"><strong>NID<\/strong><\/td>\n<td width=\"204\">6 mois<\/td>\n<\/tr>\n<tr>\n<td width=\"204\"><strong>SAPISID<\/strong><\/td>\n<td width=\"204\">2 ann\u00e9es<\/td>\n<\/tr>\n<tr>\n<td width=\"204\"><strong>SID<\/strong><\/td>\n<td width=\"204\">2 ann\u00e9es<\/td>\n<\/tr>\n<tr>\n<td width=\"204\"><strong>SIDCC<\/strong><\/td>\n<td width=\"204\">3 mois<\/td>\n<\/tr>\n<tr>\n<td width=\"204\"><strong>SSID<\/strong><\/td>\n<td width=\"204\">2 ann\u00e9es<\/td>\n<\/tr>\n<tr>\n<td><strong>permutive-session<\/strong><\/td>\n<td rowspan=\"5\">Ce cookie voit les pages que vous consultez. Nous pouvons ainsi vous afficher des publicit\u00e9s pertinentes sur nos sites (partenaires).<\/td>\n<td>2 ann\u00e9es<\/td>\n<\/tr>\n<tr>\n<td><strong>permutive-id<\/strong><\/td>\n<td>2 ann\u00e9es<\/td>\n<\/tr>\n<tr>\n<td><strong>_psegs<\/strong><\/td>\n<td>2 ann\u00e9es<\/td>\n<\/tr>\n<tr>\n<td><strong>DSID<\/strong><\/td>\n<td>2 semaines<\/td>\n<\/tr>\n<tr>\n<td><strong>IDE<\/strong><\/td>\n<td>1 ann\u00e9e<\/td>\n<\/tr>\n<\/tbody>\n<\/table>\n<h2>3. COMMENT G\u00c9RER LES COOKIES ?<\/h2>\n<p>Vous avez \u00e9galement la possibilit\u00e9 de param\u00e9trer, d\u2019accepter ou refuser les cookies via les param\u00e8tres de votre navigateur web ou par le biais d\u2019une plateforme de gestion des cookies publicitaires.<\/p>\n<h3>3.1 G\u00c9RER LES COOKIES EN PARAM\u00c9TRANT VOTRE NAVIGATEUR WEB<\/h3>\n<p>Cliquez sur le lien correspondant pour param\u00e9trer votre navigateur :<\/p>\n<ul>\n<li><a href=\"http:\/\/windows.microsoft.com\/fr-FR\/windows-vista\/Block-or-allow-cookies\">G\u00e9rer les cookies sur Internet Explorer<\/a><\/li>\n<li><a href=\"https:\/\/support.mozilla.org\/fr\/kb\/activer-desactiver-cookies\">G\u00e9rer les cookies sur Firefox<\/a><\/li>\n<li><a href=\"https:\/\/support.google.com\/chrome\/answer\/95647?hl=fr&amp;hlrm=en\">G\u00e9rer les cookies sur Google Chrome<\/a><\/li>\n<li><a href=\"http:\/\/help.opera.com\/Windows\/10.20\/fr\/cookies.html\">G\u00e9rer les cookies sur Opera<\/a><\/li>\n<li><a href=\"https:\/\/support.apple.com\/kb\/PH17191?locale=fr_FR&amp;viewlocale=fr_FR\">G\u00e9rer les cookies sous Safari<\/a><\/li>\n<\/ul>\n<p>reckinger-alfred.lu attire votre attention sur le fait qu\u2019en param\u00e9trant le refus des cookies sur votre navigateur, certaines fonctionnalit\u00e9s du site ne pourraient \u00eatre accessibles en totalit\u00e9.<\/p>\n<h3>3.2 G\u00c9RER LES COOKIES PUBLICITAIRES VIA UNE PLATEFORME<\/h3>\n<p>reckinger-alfred.lu vous informe \u00e9galement de l\u2019existence d\u2019une plateforme regroupant les professionnels de la publicit\u00e9 en ligne, mettant \u00e0 disposition des internautes un outil centralisant le param\u00e9trage des refus de cookies pour les soci\u00e9t\u00e9s adh\u00e9rentes.<\/p>\n<ul>\n<li>G\u00e9rer les cookies publicitaires via\u00a0<a href=\"http:\/\/www.youronlinechoices.com\/fr\/controler-ses-cookies\">http:\/\/www.youronlinechoices.com\/fr\/controler-ses-cookies\/<\/a><\/li>\n<\/ul>\n<h3>3.3 G\u00c9RER LES COOKIES VIA LE GESTIONNAIRE DE COOKIES<\/h3>\n<p>Tout param\u00e9trage que vous pouvez entreprendre sera susceptible de modifier votre navigation sur Internet et vos conditions d\u2019acc\u00e8s \u00e0 certains services n\u00e9cessitant l\u2019utilisation de Cookies.<\/p>\n<p>Vous pouvez faire le choix \u00e0 tout moment de modifier vos souhaits en mati\u00e8re de cookies.<\/p>\n<div class=\"rgpd-panel clearfix\">\n<div class=\"allowed\" data-service=\"embed-youtube\"><\/div>\n<\/div>\n","protected":false},"excerpt":{"rendered":"<p>L\u2019utilisateur du site reckinger-alfred.lu est inform\u00e9 que le site utilise des cookies lors de sa navigation. La page ci-dessous vous permet de comprendre comment fonctionnent les cookies et de param\u00e9trer ces derniers. 1. QU\u2019EST-CE QU\u2019UN COOKIE ? Un cookie est un fichier texte de taille r\u00e9duite contenant des informations, qui est enregistr\u00e9 sur le terminal [&hellip;]<\/p>\n","protected":false},"author":1,"featured_media":0,"parent":0,"menu_order":0,"comment_status":"closed","ping_status":"closed","template":"","meta":{"inline_featured_image":false,"footnotes":""},"class_list":["post-422","page","type-page","status-publish","hentry"],"acf":[],"yoast_head":"<!-- This site is optimized with the Yoast SEO plugin v23.9 - https:\/\/yoast.com\/wordpress\/plugins\/seo\/ -->\n<title>Politique de cookies : Reckinger Alfred S.A.<\/title>\n<meta name=\"description\" content=\"Politique de gestion des cookies sur le site de Reckinger Alfred S.A.\" \/>\n<meta name=\"robots\" content=\"index, follow, max-snippet:-1, max-image-preview:large, max-video-preview:-1\" \/>\n<link rel=\"canonical\" href=\"https:\/\/reckinger-alfred.lu\/fr\/politique-de-cookies\/\" \/>\n<meta property=\"og:locale\" content=\"fr_FR\" \/>\n<meta property=\"og:type\" content=\"article\" \/>\n<meta property=\"og:title\" content=\"Politique de cookies : Reckinger Alfred S.A.\" \/>\n<meta property=\"og:description\" content=\"Politique de gestion des cookies sur le site de Reckinger Alfred S.A.\" \/>\n<meta property=\"og:url\" content=\"https:\/\/reckinger-alfred.lu\/fr\/politique-de-cookies\/\" \/>\n<meta property=\"og:site_name\" content=\"Reckinger Alfred S.A.\" \/>\n<meta property=\"article:publisher\" content=\"https:\/\/www.facebook.com\/reckinger.air.eau\/\" \/>\n<meta property=\"article:modified_time\" content=\"2022-03-23T16:06:45+00:00\" \/>\n<meta name=\"twitter:card\" content=\"summary_large_image\" \/>\n<meta name=\"twitter:label1\" content=\"Est. reading time\" \/>\n\t<meta name=\"twitter:data1\" content=\"6 minutes\" \/>\n<script type=\"application\/ld+json\" class=\"yoast-schema-graph\">{\"@context\":\"https:\/\/schema.org\",\"@graph\":[{\"@type\":\"WebPage\",\"@id\":\"https:\/\/reckinger-alfred.lu\/fr\/politique-de-cookies\/\",\"url\":\"https:\/\/reckinger-alfred.lu\/fr\/politique-de-cookies\/\",\"name\":\"Politique de cookies : Reckinger Alfred S.A.\",\"isPartOf\":{\"@id\":\"https:\/\/reckinger-alfred.lu\/fr\/#website\"},\"datePublished\":\"2021-10-21T09:51:11+00:00\",\"dateModified\":\"2022-03-23T16:06:45+00:00\",\"description\":\"Politique de gestion des cookies sur le site de Reckinger Alfred S.A.\",\"breadcrumb\":{\"@id\":\"https:\/\/reckinger-alfred.lu\/fr\/politique-de-cookies\/#breadcrumb\"},\"inLanguage\":\"fr-FR\",\"potentialAction\":[{\"@type\":\"ReadAction\",\"target\":[\"https:\/\/reckinger-alfred.lu\/fr\/politique-de-cookies\/\"]}]},{\"@type\":\"BreadcrumbList\",\"@id\":\"https:\/\/reckinger-alfred.lu\/fr\/politique-de-cookies\/#breadcrumb\",\"itemListElement\":[{\"@type\":\"ListItem\",\"position\":1,\"name\":\"Home\",\"item\":\"https:\/\/reckinger-alfred.lu\/fr\/\"},{\"@type\":\"ListItem\",\"position\":2,\"name\":\"Politique de cookies\"}]},{\"@type\":\"WebSite\",\"@id\":\"https:\/\/reckinger-alfred.lu\/fr\/#website\",\"url\":\"https:\/\/reckinger-alfred.lu\/fr\/\",\"name\":\"Reckinger Alfred S.A.\",\"description\":\"Air et Eau depuis 1911\",\"publisher\":{\"@id\":\"https:\/\/reckinger-alfred.lu\/fr\/#organization\"},\"potentialAction\":[{\"@type\":\"SearchAction\",\"target\":{\"@type\":\"EntryPoint\",\"urlTemplate\":\"https:\/\/reckinger-alfred.lu\/fr\/?s={search_term_string}\"},\"query-input\":{\"@type\":\"PropertyValueSpecification\",\"valueRequired\":true,\"valueName\":\"search_term_string\"}}],\"inLanguage\":\"fr-FR\"},{\"@type\":\"Organization\",\"@id\":\"https:\/\/reckinger-alfred.lu\/fr\/#organization\",\"name\":\"Reckinger Alfred S.A.\",\"url\":\"https:\/\/reckinger-alfred.lu\/fr\/\",\"logo\":{\"@type\":\"ImageObject\",\"inLanguage\":\"fr-FR\",\"@id\":\"https:\/\/reckinger-alfred.lu\/fr\/#\/schema\/logo\/image\/\",\"url\":\"https:\/\/reckinger-alfred.lu\/app\/uploads\/2021\/10\/logo-reckinger-color@2x.png\",\"contentUrl\":\"https:\/\/reckinger-alfred.lu\/app\/uploads\/2021\/10\/logo-reckinger-color@2x.png\",\"width\":372,\"height\":123,\"caption\":\"Reckinger Alfred S.A.\"},\"image\":{\"@id\":\"https:\/\/reckinger-alfred.lu\/fr\/#\/schema\/logo\/image\/\"},\"sameAs\":[\"https:\/\/www.facebook.com\/reckinger.air.eau\/\",\"https:\/\/www.instagram.com\/reckingeralfred.sa\/\"]}]}<\/script>\n<!-- \/ Yoast SEO plugin. -->","yoast_head_json":{"title":"Politique de cookies : Reckinger Alfred S.A.","description":"Politique de gestion des cookies sur le site de Reckinger Alfred S.A.","robots":{"index":"index","follow":"follow","max-snippet":"max-snippet:-1","max-image-preview":"max-image-preview:large","max-video-preview":"max-video-preview:-1"},"canonical":"https:\/\/reckinger-alfred.lu\/fr\/politique-de-cookies\/","og_locale":"fr_FR","og_type":"article","og_title":"Politique de cookies : Reckinger Alfred S.A.","og_description":"Politique de gestion des cookies sur le site de Reckinger Alfred S.A.","og_url":"https:\/\/reckinger-alfred.lu\/fr\/politique-de-cookies\/","og_site_name":"Reckinger Alfred S.A.","article_publisher":"https:\/\/www.facebook.com\/reckinger.air.eau\/","article_modified_time":"2022-03-23T16:06:45+00:00","twitter_card":"summary_large_image","twitter_misc":{"Est. reading time":"6 minutes"},"schema":{"@context":"https:\/\/schema.org","@graph":[{"@type":"WebPage","@id":"https:\/\/reckinger-alfred.lu\/fr\/politique-de-cookies\/","url":"https:\/\/reckinger-alfred.lu\/fr\/politique-de-cookies\/","name":"Politique de cookies : Reckinger Alfred S.A.","isPartOf":{"@id":"https:\/\/reckinger-alfred.lu\/fr\/#website"},"datePublished":"2021-10-21T09:51:11+00:00","dateModified":"2022-03-23T16:06:45+00:00","description":"Politique de gestion des cookies sur le site de Reckinger Alfred S.A.","breadcrumb":{"@id":"https:\/\/reckinger-alfred.lu\/fr\/politique-de-cookies\/#breadcrumb"},"inLanguage":"fr-FR","potentialAction":[{"@type":"ReadAction","target":["https:\/\/reckinger-alfred.lu\/fr\/politique-de-cookies\/"]}]},{"@type":"BreadcrumbList","@id":"https:\/\/reckinger-alfred.lu\/fr\/politique-de-cookies\/#breadcrumb","itemListElement":[{"@type":"ListItem","position":1,"name":"Home","item":"https:\/\/reckinger-alfred.lu\/fr\/"},{"@type":"ListItem","position":2,"name":"Politique de cookies"}]},{"@type":"WebSite","@id":"https:\/\/reckinger-alfred.lu\/fr\/#website","url":"https:\/\/reckinger-alfred.lu\/fr\/","name":"Reckinger Alfred S.A.","description":"Air et Eau depuis 1911","publisher":{"@id":"https:\/\/reckinger-alfred.lu\/fr\/#organization"},"potentialAction":[{"@type":"SearchAction","target":{"@type":"EntryPoint","urlTemplate":"https:\/\/reckinger-alfred.lu\/fr\/?s={search_term_string}"},"query-input":{"@type":"PropertyValueSpecification","valueRequired":true,"valueName":"search_term_string"}}],"inLanguage":"fr-FR"},{"@type":"Organization","@id":"https:\/\/reckinger-alfred.lu\/fr\/#organization","name":"Reckinger Alfred S.A.","url":"https:\/\/reckinger-alfred.lu\/fr\/","logo":{"@type":"ImageObject","inLanguage":"fr-FR","@id":"https:\/\/reckinger-alfred.lu\/fr\/#\/schema\/logo\/image\/","url":"https:\/\/reckinger-alfred.lu\/app\/uploads\/2021\/10\/logo-reckinger-color@2x.png","contentUrl":"https:\/\/reckinger-alfred.lu\/app\/uploads\/2021\/10\/logo-reckinger-color@2x.png","width":372,"height":123,"caption":"Reckinger Alfred S.A."},"image":{"@id":"https:\/\/reckinger-alfred.lu\/fr\/#\/schema\/logo\/image\/"},"sameAs":["https:\/\/www.facebook.com\/reckinger.air.eau\/","https:\/\/www.instagram.com\/reckingeralfred.sa\/"]}]}},"_links":{"self":[{"href":"https:\/\/reckinger-alfred.lu\/fr\/wp-json\/wp\/v2\/pages\/422","targetHints":{"allow":["GET"]}}],"collection":[{"href":"https:\/\/reckinger-alfred.lu\/fr\/wp-json\/wp\/v2\/pages"}],"about":[{"href":"https:\/\/reckinger-alfred.lu\/fr\/wp-json\/wp\/v2\/types\/page"}],"author":[{"embeddable":true,"href":"https:\/\/reckinger-alfred.lu\/fr\/wp-json\/wp\/v2\/users\/1"}],"replies":[{"embeddable":true,"href":"https:\/\/reckinger-alfred.lu\/fr\/wp-json\/wp\/v2\/comments?post=422"}],"version-history":[{"count":6,"href":"https:\/\/reckinger-alfred.lu\/fr\/wp-json\/wp\/v2\/pages\/422\/revisions"}],"predecessor-version":[{"id":1027,"href":"https:\/\/reckinger-alfred.lu\/fr\/wp-json\/wp\/v2\/pages\/422\/revisions\/1027"}],"wp:attachment":[{"href":"https:\/\/reckinger-alfred.lu\/fr\/wp-json\/wp\/v2\/media?parent=422"}],"curies":[{"name":"wp","href":"https:\/\/api.w.org\/{rel}","templated":true}]}}