{"id":3,"date":"2021-09-22T11:48:52","date_gmt":"2021-09-22T09:48:52","guid":{"rendered":"https:\/\/reckinger-alfred.lu\/?page_id=3"},"modified":"2022-03-23T17:07:00","modified_gmt":"2022-03-23T16:07:00","slug":"politique-de-confidentialite","status":"publish","type":"page","link":"https:\/\/reckinger-alfred.lu\/fr\/politique-de-confidentialite\/","title":{"rendered":"Politique de confidentialit\u00e9"},"content":{"rendered":"\r\n<p>En naviguant sur le site reckinger-alfred.lu, vous acceptez que la soci\u00e9t\u00e9 Reckinger Alfred S.A. soit susceptible de collecter et traiter des donn\u00e9es \u00e0 caract\u00e8re personnel vous concernant.<\/p>\r\n<p>Nous sommes convaincus de l\u2019importance de la confidentialit\u00e9. C\u2019est pour cette raison que nous concevons et fournissons nos services en tenant compte de la protection de votre vie priv\u00e9e. La pr\u00e9sente politique de protection de la vie priv\u00e9e d\u00e9crit les types d\u2019informations personnelles que nous recueillons, l\u2019utilisation qui en est faite et comment la protection de ces donn\u00e9es ainsi que vos droits sont assur\u00e9s.<\/p>\r\n<p>&nbsp;<\/p>\r\n<h2 class=\"wp-block-heading\">QUELLES DONN\u00c9ES SONT COLLECT\u00c9ES SUR NOTRE SITE ?<\/h2>\r\n<p>Lorsque vous n\u2019\u00eates qu\u2019un simple visiteur de notre site, Reckinger Alfred S.A. ne collecte aucune donn\u00e9e personnelle vous concernant, except\u00e9 dans le cadre de l\u2019utilisation de cookies.<\/p>\r\n<p>Nous collectons et traitons notamment vos pr\u00e9nom, nom, adresse email et num\u00e9ro de t\u00e9l\u00e9phone et autres informations personnelles que vous nous communiquez directement.<\/p>\r\n<p>Le caract\u00e8re obligatoire ou facultatif des donn\u00e9es vous est signal\u00e9 lors de la collecte par un ast\u00e9risque. Certaines donn\u00e9es sont collect\u00e9es automatiquement du fait de vos actions sur le site.<\/p>\r\n<h2>QUAND ?<\/h2>\r\n<p>Nous collectons les informations que vous nous fournissez notamment quand :<\/p>\r\n<ul>\r\n<li>vous remplissez le formulaire de candidature<\/li>\r\n<li>vous remplissez le formulaire de contact<\/li>\r\n<\/ul>\r\n<h2>DESTINATAIRES DES DONN\u00c9ES<\/h2>\r\n<p>Les donn\u00e9es collect\u00e9es sur le site reckinger-alfred.lu sont exclusivement destin\u00e9es \u00e0 Reckinger Alfred S.A.<\/p>\r\n<p>Elles peuvent \u00eatre transmises aux soci\u00e9t\u00e9s \u2013 sous-traitants \u2013 auxquels Reckinger Alfred S.A. fait appel dans le cadre de l\u2019ex\u00e9cution de prestations de services (ex: h\u00e9bergement du Site). Reckinger Alfred S.A. demande \u00e0 ses prestataires de mettre en place des mesures strictes de confidentialit\u00e9 et de protection de ces donn\u00e9es. Une fois le traitement effectu\u00e9, les informations sont prot\u00e9g\u00e9es par des contrats qui obligent ces tierces parties \u00e0 ne traiter les informations que conform\u00e9ment aux instructions de Reckinger Alfred S.A. et aux dispositions du pr\u00e9sent engagement de confidentialit\u00e9, en appliquant toutes les mesures de s\u00e9curit\u00e9 et de confidentialit\u00e9 appropri\u00e9es.<\/p>\r\n<h2>COMMENT NOUS UTILISONS LES DONN\u00c9ES QUE NOUS COLLECTONS<\/h2>\r\n<p>Les donn\u00e9es que nous collectons nous permettent de fournir, g\u00e9rer, prot\u00e9ger et am\u00e9liorer nos produits et services, d\u2019en d\u00e9velopper de nouveaux, et de prot\u00e9ger aussi bien nos utilisateurs que nous-m\u00eames. Ces donn\u00e9es nous permettent \u00e9galement de vous envoyer des communications que nous pensons \u00eatre int\u00e9ressantes pour vous, y compris des informations sur des produits, services, promotions et autres nouvelles et \u00e9v\u00e8nements de Reckinger Alfred S.A., dans la mesure o\u00f9 cela est conforme \u00e0 la l\u00e9gislation locale applicable.<\/p>\r\n<h2>R\u00c9SEAUX SOCIAUX<\/h2>\r\n<p>L\u2019utilisation des r\u00e9seaux sociaux et des services de Reckinger Alfred S.A. en relation avec ces r\u00e9seaux sociaux est susceptible d\u2019entra\u00eener une collecte et un \u00e9change de certaines donn\u00e9es entre les r\u00e9seaux sociaux et Reckinger Alfred S.A. Nous vous invitons \u00e0 consulter les politiques de protection des donn\u00e9es personnelles des r\u00e9seaux sociaux afin de prendre connaissance des informations qui sont collect\u00e9es par les r\u00e9seaux sociaux et qui peuvent \u00eatre transmises \u00e0 Reckinger Alfred S.A. en lien avec ses sites ainsi que les finalit\u00e9s d\u2019utilisation de vos donn\u00e9es, notamment \u00e0 des fins publicitaires. Vous pourrez param\u00e9trer et contr\u00f4ler directement sur les r\u00e9seaux sociaux l\u2019acc\u00e8s et la confidentialit\u00e9 de vos donn\u00e9es. Reckinger Alfred S.A. n\u2019est pas responsable de l\u2019utilisation qui est faite de vos donn\u00e9es par les r\u00e9seaux sociaux pour leur propre compte.<\/p>\r\n<h2>MINEURS<\/h2>\r\n<p>Le site ne cible pas et n\u2019est pas destin\u00e9 aux enfants \u00e2g\u00e9s de moins de 16 ans. La politique de Reckinger Alfred S.A. ne pr\u00e9voit aucunement la collecte ni le stockage intentionnel de donn\u00e9es personnelles ou autres renseignements concernant toute personne \u00e2g\u00e9e de moins de 16 ans.<\/p>\r\n<p>Si vous avez moins de 16 ans, vous ne devez pas acc\u00e9der au Site et ne devez pas communiquer de donn\u00e9es personnelles \u00e0 Reckinger Alfred S.A.<\/p>\r\n<p>Si vous avez 16 ans ou plus mais que vous n\u2019avez pas atteint l\u2019\u00e2ge l\u00e9gal de la majorit\u00e9 (la majorit\u00e9 est \u00e0 18 ans dans la plupart des pays), avant de d\u00e9cider d\u2019acc\u00e9der ou non \u00e0 ce Site et de partager ou non des donn\u00e9es personnelles avec Reckinger Alfred S.A., vous devez lire la pr\u00e9sente politique de protection de la vie priv\u00e9e avec vos parents ou votre repr\u00e9sentant l\u00e9gal pour garantir que vous, vos parents ou votre repr\u00e9sentant l\u00e9gal la comprenez pleinement.<\/p>\r\n<h2>COOKIES<\/h2>\r\n<p>Pour am\u00e9liorer les performances de notre site et vous offrir une meilleure exp\u00e9rience de navigation, le Site utilise des cookies.<\/p>\r\n<p>Pour en savoir plus sur les donn\u00e9es collect\u00e9es par les cookies et param\u00e9trer vos pr\u00e9f\u00e9rences, rendez-vous sur notre page de\u00a0<a href=\"https:\/\/reckinger-alfred.lu\/fr\/politique-de-cookies\/\">politique de cookies<\/a><strong>.<\/strong><\/p>\r\n<p>Si vous d\u00e9posez un commentaire sur notre site, il vous sera propos\u00e9 d\u2019enregistrer votre nom, adresse e-mail et site dans des cookies. C\u2019est uniquement pour votre confort afin de ne pas avoir \u00e0 saisir ces informations si vous d\u00e9posez un autre commentaire plus tard. Ces cookies expirent au bout d\u2019un an.<\/p>\r\n<p>\r\n\r\n<\/p>\r\n<p>Si vous vous rendez sur la page de connexion, un cookie temporaire sera cr\u00e9\u00e9 afin de d\u00e9terminer si votre navigateur accepte les cookies. Il ne contient pas de donn\u00e9es personnelles et sera supprim\u00e9 automatiquement \u00e0 la fermeture de votre navigateur.<\/p>\r\n<p>\r\n\r\n<\/p>\r\n<p>Lorsque vous vous connecterez, nous mettrons en place un certain nombre de cookies pour enregistrer vos informations de connexion et vos pr\u00e9f\u00e9rences d\u2019\u00e9cran. La dur\u00e9e de vie d\u2019un cookie de connexion est de deux jours, celle d\u2019un cookie d\u2019option d\u2019\u00e9cran est d\u2019un an. Si vous cochez \u00ab\u00a0Se souvenir de moi\u00a0\u00bb, votre cookie de connexion sera conserv\u00e9 pendant deux semaines. Si vous vous d\u00e9connectez de votre compte, le cookie de connexion sera effac\u00e9.<\/p>\r\n<p>\r\n\r\n<\/p>\r\n<p>En modifiant ou en publiant une publication, un cookie suppl\u00e9mentaire sera enregistr\u00e9 dans votre navigateur. Ce cookie ne comprend aucune donn\u00e9e personnelle. Il indique simplement l\u2019ID de la publication que vous venez de modifier. Il expire au bout d\u2019un jour.<\/p>\r\n<h2>S\u00c9CURIT\u00c9 DES INFORMATIONS<\/h2>\r\n<p>Reckinger Alfred S.A. prend toutes les mesures de s\u00e9curit\u00e9 n\u00e9cessaires pour se prot\u00e9ger contre tout acc\u00e8s non autoris\u00e9 aux donn\u00e9es conserv\u00e9es ou toute modification, divulgation ou destruction non autoris\u00e9e de ces donn\u00e9es. Reckinger Alfred S.A. limite l\u2019acc\u00e8s \u00e0 vos informations d\u2019identification personnelles aux seuls employ\u00e9s qui n\u00e9cessitent ces informations pour faire fonctionner, d\u00e9velopper ou am\u00e9liorer les services de la soci\u00e9t\u00e9.<\/p>\r\n<h2>DROIT D\u2019ACC\u00c8S, DE RECTIFICATION ET D\u2019OPPOSITION<\/h2>\r\n<p>Reckinger Alfred S.A. met un point d\u2019honneur \u00e0 ce que vous conserviez la ma\u00eetrise de vos Donn\u00e9es. C\u2019est pourquoi vous pouvez \u00e0 tout moment corriger, compl\u00e9ter ou supprimer les donn\u00e9es que vous nous avez communiqu\u00e9es en vous connectant \u00e0 votre compte personnel.<\/p>\r\n<p>Conform\u00e9ment \u00e0 la loi du 8 d\u00e9cembre 1992 relative \u00e0 la protection de la vie priv\u00e9e \u00e0 l\u2019\u00e9gard des traitements de donn\u00e9es \u00e0 caract\u00e8re personnel ainsi que du R\u00e8glement UE 2016\/679 \u00e0 partir de son application au 25 mai 2018, vous avez le droit d\u2019acc\u00e9der \u00e0 vos Donn\u00e9es, de les mettre \u00e0 jour, de les corriger ou de les supprimer en acc\u00e9dant \u00e0 votre compte utilisateur ou en contactant Reckinger Alfred S.A. \u00e0 l\u2019adresse mail suivante <a href=\"mailto:info@reckinger-alfred.lu\">qualite@reckinger-alfred.lu<\/a> ou \u00e0 l\u2019adresse suivante : 9, z.a.r.e. il\u00f4t Ouest L-4384 Elherange, LUXEMBOURG. Il vous sera demand\u00e9 de signer votre demande et d\u2019y joindre une copie num\u00e9ris\u00e9e de votre carte d\u2019identit\u00e9.<\/p>\r\n<p>Pour toute information sur la protection des donn\u00e9es personnelles, vous pouvez \u00e9galement consulter le site de la Commission Nationale de Protection des Donn\u00e9es (CNPD) \u2013\u00a0<a href=\"https:\/\/cnpd.public.lu\/fr.html\">https:\/\/cnpd.public.lu\/fr.html<\/a><\/p>\r\n<h2>MODIFICATIONS<\/h2>\r\n<p>Reckinger Alfred S.A. se r\u00e9serve le droit d\u2019adapter la pr\u00e9sente politique de protection des donn\u00e9es personnelles. Nous vous conseillons de consulter r\u00e9guli\u00e8rement la derni\u00e8re version de ce document informatif.<\/p>\r\n\r\n\r\n\r\n<h2 class=\"wp-block-heading\">Commentaires<\/h2>\r\n\r\n\r\n\r\n<p>Quand vous laissez un commentaire sur notre site, les donn\u00e9es inscrites dans le formulaire de commentaire, mais aussi votre adresse IP et l\u2019agent utilisateur de votre navigateur sont collect\u00e9s pour nous aider \u00e0 la d\u00e9tection des commentaires ind\u00e9sirables.<\/p>\r\n\r\n\r\n\r\n<p>Une cha\u00eene anonymis\u00e9e cr\u00e9\u00e9e \u00e0 partir de votre adresse e-mail (\u00e9galement appel\u00e9e hash) peut \u00eatre envoy\u00e9e au service Gravatar pour v\u00e9rifier si vous utilisez ce dernier. Les clauses de confidentialit\u00e9 du service Gravatar sont disponibles ici\u00a0: https:\/\/automattic.com\/privacy\/. Apr\u00e8s validation de votre commentaire, votre photo de profil sera visible publiquement \u00e0 cot\u00e9 de votre commentaire.<\/p>\r\n\r\n\r\n\r\n<h2 class=\"wp-block-heading\">M\u00e9dias<\/h2>\r\n\r\n\r\n\r\n<p>Si vous t\u00e9l\u00e9versez des images sur le site, nous vous conseillons d\u2019\u00e9viter de t\u00e9l\u00e9verser des images contenant des donn\u00e9es EXIF de coordonn\u00e9es GPS. Les personnes visitant votre site peuvent t\u00e9l\u00e9charger et extraire des donn\u00e9es de localisation depuis ces images.<\/p>\r\n\r\n\r\n\r\n\r\n\r\n\r\n\r\n<h2 class=\"wp-block-heading\">Contenu embarqu\u00e9 depuis d\u2019autres sites<\/h2>\r\n\r\n\r\n\r\n<p>Les articles de ce site peuvent inclure des contenus int\u00e9gr\u00e9s (par exemple des vid\u00e9os, images, articles\u2026). Le contenu int\u00e9gr\u00e9 depuis d\u2019autres sites se comporte de la m\u00eame mani\u00e8re que si le visiteur se rendait sur cet autre site.<\/p>\r\n\r\n\r\n\r\n<p>Ces sites web pourraient collecter des donn\u00e9es sur vous, utiliser des cookies, embarquer des outils de suivis tiers, suivre vos interactions avec ces contenus embarqu\u00e9s si vous disposez d\u2019un compte connect\u00e9 sur leur site web.<\/p>\r\n\r\n\r\n\r\n<h2 class=\"wp-block-heading\">Utilisation et transmission de vos donn\u00e9es personnelles<\/h2>\r\n\r\n\r\n\r\n<p>Si vous demandez une r\u00e9initialisation de votre mot de passe, votre adresse IP sera incluse dans l\u2019e-mail de r\u00e9initialisation.<\/p>\r\n\r\n\r\n\r\n<h2 class=\"wp-block-heading\">Dur\u00e9es de stockage de vos donn\u00e9es<\/h2>\r\n\r\n\r\n\r\n<p>Si vous laissez un commentaire, le commentaire et ses m\u00e9tadonn\u00e9es sont conserv\u00e9s ind\u00e9finiment. Cela permet de reconna\u00eetre et approuver automatiquement les commentaires suivants au lieu de les laisser dans la file de mod\u00e9ration.<\/p>\r\n\r\n\r\n\r\n<p>Pour les comptes qui s\u2019inscrivent sur notre site (le cas \u00e9ch\u00e9ant), nous stockons \u00e9galement les donn\u00e9es personnelles indiqu\u00e9es dans leur profil. Tous les comptes peuvent voir, modifier ou supprimer leurs informations personnelles \u00e0 tout moment (\u00e0 l\u2019exception de leur identifiant). Les gestionnaires du site peuvent aussi voir et modifier ces informations.<\/p>\r\n\r\n\r\n\r\n<h2 class=\"wp-block-heading\">Les droits que vous avez sur vos donn\u00e9es<\/h2>\r\n\r\n\r\n\r\n<p>Si vous avez un compte ou si vous avez laiss\u00e9 des commentaires sur le site, vous pouvez demander \u00e0 recevoir un fichier contenant toutes les donn\u00e9es personnelles que nous poss\u00e9dons \u00e0 votre sujet, incluant celles que vous nous avez fournies. Vous pouvez \u00e9galement demander la suppression des donn\u00e9es personnelles vous concernant. Cela ne prend pas en compte les donn\u00e9es stock\u00e9es \u00e0 des fins administratives, l\u00e9gales ou pour des raisons de s\u00e9curit\u00e9.<\/p>\r\n\r\n\r\n\r\n<h2 class=\"wp-block-heading\">Transmission de vos donn\u00e9es personnelles<\/h2>\r\n\r\n\r\n\r\n<p>Les commentaires des visiteurs peuvent \u00eatre v\u00e9rifi\u00e9s \u00e0 l\u2019aide d\u2019un service automatis\u00e9 de d\u00e9tection des commentaires ind\u00e9sirables.<\/p>\r\n","protected":false},"excerpt":{"rendered":"<p>En naviguant sur le site reckinger-alfred.lu, vous acceptez que la soci\u00e9t\u00e9 Reckinger Alfred S.A. soit susceptible de collecter et traiter des donn\u00e9es \u00e0 caract\u00e8re personnel vous concernant. Nous sommes convaincus de l\u2019importance de la confidentialit\u00e9. C\u2019est pour cette raison que nous concevons et fournissons nos services en tenant compte de la protection de votre vie [&hellip;]<\/p>\n","protected":false},"author":1,"featured_media":0,"parent":0,"menu_order":0,"comment_status":"closed","ping_status":"closed","template":"","meta":{"inline_featured_image":false,"footnotes":""},"class_list":["post-3","page","type-page","status-publish","hentry"],"acf":[],"yoast_head":"<!-- This site is optimized with the Yoast SEO plugin v23.9 - https:\/\/yoast.com\/wordpress\/plugins\/seo\/ -->\n<title>Politique de confidentialit\u00e9 : Reckinger Alfred S.A.<\/title>\n<meta name=\"description\" content=\"Politique de confidentialit\u00e9 du site Reckinger Alfred S.A.\" \/>\n<meta name=\"robots\" content=\"index, follow, max-snippet:-1, max-image-preview:large, max-video-preview:-1\" \/>\n<link rel=\"canonical\" href=\"https:\/\/reckinger-alfred.lu\/fr\/politique-de-confidentialite\/\" \/>\n<meta property=\"og:locale\" content=\"fr_FR\" \/>\n<meta property=\"og:type\" content=\"article\" \/>\n<meta property=\"og:title\" content=\"Politique de confidentialit\u00e9 : Reckinger Alfred S.A.\" \/>\n<meta property=\"og:description\" content=\"Politique de confidentialit\u00e9 du site Reckinger Alfred S.A.\" \/>\n<meta property=\"og:url\" content=\"https:\/\/reckinger-alfred.lu\/fr\/politique-de-confidentialite\/\" \/>\n<meta property=\"og:site_name\" content=\"Reckinger Alfred S.A.\" \/>\n<meta property=\"article:publisher\" content=\"https:\/\/www.facebook.com\/reckinger.air.eau\/\" \/>\n<meta property=\"article:modified_time\" content=\"2022-03-23T16:07:00+00:00\" \/>\n<meta name=\"twitter:card\" content=\"summary_large_image\" \/>\n<meta name=\"twitter:label1\" content=\"Est. reading time\" \/>\n\t<meta name=\"twitter:data1\" content=\"9 minutes\" \/>\n<script type=\"application\/ld+json\" class=\"yoast-schema-graph\">{\"@context\":\"https:\/\/schema.org\",\"@graph\":[{\"@type\":\"WebPage\",\"@id\":\"https:\/\/reckinger-alfred.lu\/fr\/politique-de-confidentialite\/\",\"url\":\"https:\/\/reckinger-alfred.lu\/fr\/politique-de-confidentialite\/\",\"name\":\"Politique de confidentialit\u00e9 : Reckinger Alfred S.A.\",\"isPartOf\":{\"@id\":\"https:\/\/reckinger-alfred.lu\/fr\/#website\"},\"datePublished\":\"2021-09-22T09:48:52+00:00\",\"dateModified\":\"2022-03-23T16:07:00+00:00\",\"description\":\"Politique de confidentialit\u00e9 du site Reckinger Alfred S.A.\",\"breadcrumb\":{\"@id\":\"https:\/\/reckinger-alfred.lu\/fr\/politique-de-confidentialite\/#breadcrumb\"},\"inLanguage\":\"fr-FR\",\"potentialAction\":[{\"@type\":\"ReadAction\",\"target\":[\"https:\/\/reckinger-alfred.lu\/fr\/politique-de-confidentialite\/\"]}]},{\"@type\":\"BreadcrumbList\",\"@id\":\"https:\/\/reckinger-alfred.lu\/fr\/politique-de-confidentialite\/#breadcrumb\",\"itemListElement\":[{\"@type\":\"ListItem\",\"position\":1,\"name\":\"Home\",\"item\":\"https:\/\/reckinger-alfred.lu\/fr\/\"},{\"@type\":\"ListItem\",\"position\":2,\"name\":\"Politique de confidentialit\u00e9\"}]},{\"@type\":\"WebSite\",\"@id\":\"https:\/\/reckinger-alfred.lu\/fr\/#website\",\"url\":\"https:\/\/reckinger-alfred.lu\/fr\/\",\"name\":\"Reckinger Alfred S.A.\",\"description\":\"Air et Eau depuis 1911\",\"publisher\":{\"@id\":\"https:\/\/reckinger-alfred.lu\/fr\/#organization\"},\"potentialAction\":[{\"@type\":\"SearchAction\",\"target\":{\"@type\":\"EntryPoint\",\"urlTemplate\":\"https:\/\/reckinger-alfred.lu\/fr\/?s={search_term_string}\"},\"query-input\":{\"@type\":\"PropertyValueSpecification\",\"valueRequired\":true,\"valueName\":\"search_term_string\"}}],\"inLanguage\":\"fr-FR\"},{\"@type\":\"Organization\",\"@id\":\"https:\/\/reckinger-alfred.lu\/fr\/#organization\",\"name\":\"Reckinger Alfred S.A.\",\"url\":\"https:\/\/reckinger-alfred.lu\/fr\/\",\"logo\":{\"@type\":\"ImageObject\",\"inLanguage\":\"fr-FR\",\"@id\":\"https:\/\/reckinger-alfred.lu\/fr\/#\/schema\/logo\/image\/\",\"url\":\"https:\/\/reckinger-alfred.lu\/app\/uploads\/2021\/10\/logo-reckinger-color@2x.png\",\"contentUrl\":\"https:\/\/reckinger-alfred.lu\/app\/uploads\/2021\/10\/logo-reckinger-color@2x.png\",\"width\":372,\"height\":123,\"caption\":\"Reckinger Alfred S.A.\"},\"image\":{\"@id\":\"https:\/\/reckinger-alfred.lu\/fr\/#\/schema\/logo\/image\/\"},\"sameAs\":[\"https:\/\/www.facebook.com\/reckinger.air.eau\/\",\"https:\/\/www.instagram.com\/reckingeralfred.sa\/\"]}]}<\/script>\n<!-- \/ Yoast SEO plugin. -->","yoast_head_json":{"title":"Politique de confidentialit\u00e9 : Reckinger Alfred S.A.","description":"Politique de confidentialit\u00e9 du site Reckinger Alfred S.A.","robots":{"index":"index","follow":"follow","max-snippet":"max-snippet:-1","max-image-preview":"max-image-preview:large","max-video-preview":"max-video-preview:-1"},"canonical":"https:\/\/reckinger-alfred.lu\/fr\/politique-de-confidentialite\/","og_locale":"fr_FR","og_type":"article","og_title":"Politique de confidentialit\u00e9 : Reckinger Alfred S.A.","og_description":"Politique de confidentialit\u00e9 du site Reckinger Alfred S.A.","og_url":"https:\/\/reckinger-alfred.lu\/fr\/politique-de-confidentialite\/","og_site_name":"Reckinger Alfred S.A.","article_publisher":"https:\/\/www.facebook.com\/reckinger.air.eau\/","article_modified_time":"2022-03-23T16:07:00+00:00","twitter_card":"summary_large_image","twitter_misc":{"Est. reading time":"9 minutes"},"schema":{"@context":"https:\/\/schema.org","@graph":[{"@type":"WebPage","@id":"https:\/\/reckinger-alfred.lu\/fr\/politique-de-confidentialite\/","url":"https:\/\/reckinger-alfred.lu\/fr\/politique-de-confidentialite\/","name":"Politique de confidentialit\u00e9 : Reckinger Alfred S.A.","isPartOf":{"@id":"https:\/\/reckinger-alfred.lu\/fr\/#website"},"datePublished":"2021-09-22T09:48:52+00:00","dateModified":"2022-03-23T16:07:00+00:00","description":"Politique de confidentialit\u00e9 du site Reckinger Alfred S.A.","breadcrumb":{"@id":"https:\/\/reckinger-alfred.lu\/fr\/politique-de-confidentialite\/#breadcrumb"},"inLanguage":"fr-FR","potentialAction":[{"@type":"ReadAction","target":["https:\/\/reckinger-alfred.lu\/fr\/politique-de-confidentialite\/"]}]},{"@type":"BreadcrumbList","@id":"https:\/\/reckinger-alfred.lu\/fr\/politique-de-confidentialite\/#breadcrumb","itemListElement":[{"@type":"ListItem","position":1,"name":"Home","item":"https:\/\/reckinger-alfred.lu\/fr\/"},{"@type":"ListItem","position":2,"name":"Politique de confidentialit\u00e9"}]},{"@type":"WebSite","@id":"https:\/\/reckinger-alfred.lu\/fr\/#website","url":"https:\/\/reckinger-alfred.lu\/fr\/","name":"Reckinger Alfred S.A.","description":"Air et Eau depuis 1911","publisher":{"@id":"https:\/\/reckinger-alfred.lu\/fr\/#organization"},"potentialAction":[{"@type":"SearchAction","target":{"@type":"EntryPoint","urlTemplate":"https:\/\/reckinger-alfred.lu\/fr\/?s={search_term_string}"},"query-input":{"@type":"PropertyValueSpecification","valueRequired":true,"valueName":"search_term_string"}}],"inLanguage":"fr-FR"},{"@type":"Organization","@id":"https:\/\/reckinger-alfred.lu\/fr\/#organization","name":"Reckinger Alfred S.A.","url":"https:\/\/reckinger-alfred.lu\/fr\/","logo":{"@type":"ImageObject","inLanguage":"fr-FR","@id":"https:\/\/reckinger-alfred.lu\/fr\/#\/schema\/logo\/image\/","url":"https:\/\/reckinger-alfred.lu\/app\/uploads\/2021\/10\/logo-reckinger-color@2x.png","contentUrl":"https:\/\/reckinger-alfred.lu\/app\/uploads\/2021\/10\/logo-reckinger-color@2x.png","width":372,"height":123,"caption":"Reckinger Alfred S.A."},"image":{"@id":"https:\/\/reckinger-alfred.lu\/fr\/#\/schema\/logo\/image\/"},"sameAs":["https:\/\/www.facebook.com\/reckinger.air.eau\/","https:\/\/www.instagram.com\/reckingeralfred.sa\/"]}]}},"_links":{"self":[{"href":"https:\/\/reckinger-alfred.lu\/fr\/wp-json\/wp\/v2\/pages\/3","targetHints":{"allow":["GET"]}}],"collection":[{"href":"https:\/\/reckinger-alfred.lu\/fr\/wp-json\/wp\/v2\/pages"}],"about":[{"href":"https:\/\/reckinger-alfred.lu\/fr\/wp-json\/wp\/v2\/types\/page"}],"author":[{"embeddable":true,"href":"https:\/\/reckinger-alfred.lu\/fr\/wp-json\/wp\/v2\/users\/1"}],"replies":[{"embeddable":true,"href":"https:\/\/reckinger-alfred.lu\/fr\/wp-json\/wp\/v2\/comments?post=3"}],"version-history":[{"count":8,"href":"https:\/\/reckinger-alfred.lu\/fr\/wp-json\/wp\/v2\/pages\/3\/revisions"}],"predecessor-version":[{"id":1024,"href":"https:\/\/reckinger-alfred.lu\/fr\/wp-json\/wp\/v2\/pages\/3\/revisions\/1024"}],"wp:attachment":[{"href":"https:\/\/reckinger-alfred.lu\/fr\/wp-json\/wp\/v2\/media?parent=3"}],"curies":[{"name":"wp","href":"https:\/\/api.w.org\/{rel}","templated":true}]}}