{"id":1220,"date":"2022-03-01T12:35:14","date_gmt":"2022-03-01T11:35:14","guid":{"rendered":"https:\/\/reckinger-alfred.lu\/?page_id=1220"},"modified":"2023-08-22T09:28:57","modified_gmt":"2023-08-22T07:28:57","slug":"energies-renouvelables","status":"publish","type":"page","link":"https:\/\/reckinger-alfred.lu\/fr\/nos-installations\/energies-renouvelables\/","title":{"rendered":"Energies renouvelables"},"content":{"rendered":"","protected":false},"excerpt":{"rendered":"","protected":false},"author":1,"featured_media":0,"parent":41,"menu_order":0,"comment_status":"closed","ping_status":"closed","template":"templates\/installation-details.php","meta":{"inline_featured_image":false,"footnotes":""},"class_list":["post-1220","page","type-page","status-publish","hentry"],"acf":[],"yoast_head":"<!-- This site is optimized with the Yoast SEO plugin v23.9 - https:\/\/yoast.com\/wordpress\/plugins\/seo\/ -->\n<title>Panneaux Solaires Photovolta\u00efques Luxembourg | Reckinger<\/title>\n<meta name=\"description\" content=\"Profitez d&#039;une \u00e9nergie renouvelable et appelez Reckinger pour l\u2019installation et l\u2019entretien de panneaux solaires photovolta\u00efques et thermiques, pompe \u00e0 chaleur, g\u00e9othermie\u2026\" \/>\n<meta name=\"robots\" content=\"index, follow, max-snippet:-1, max-image-preview:large, max-video-preview:-1\" \/>\n<link rel=\"canonical\" href=\"https:\/\/reckinger-alfred.lu\/fr\/nos-installations\/energies-renouvelables\/\" \/>\n<meta property=\"og:locale\" content=\"fr_FR\" \/>\n<meta property=\"og:type\" content=\"article\" \/>\n<meta property=\"og:title\" content=\"Panneaux Solaires Photovolta\u00efques Luxembourg | Reckinger\" \/>\n<meta property=\"og:description\" content=\"Profitez d&#039;une \u00e9nergie renouvelable et appelez Reckinger pour l\u2019installation et l\u2019entretien de panneaux solaires photovolta\u00efques et thermiques, pompe \u00e0 chaleur, g\u00e9othermie\u2026\" \/>\n<meta property=\"og:url\" content=\"https:\/\/reckinger-alfred.lu\/fr\/nos-installations\/energies-renouvelables\/\" \/>\n<meta property=\"og:site_name\" content=\"Reckinger Alfred S.A.\" \/>\n<meta property=\"article:publisher\" content=\"https:\/\/www.facebook.com\/reckinger.air.eau\/\" \/>\n<meta property=\"article:modified_time\" content=\"2023-08-22T07:28:57+00:00\" \/>\n<meta name=\"twitter:card\" content=\"summary_large_image\" \/>\n<script type=\"application\/ld+json\" class=\"yoast-schema-graph\">{\"@context\":\"https:\/\/schema.org\",\"@graph\":[{\"@type\":\"WebPage\",\"@id\":\"https:\/\/reckinger-alfred.lu\/fr\/nos-installations\/energies-renouvelables\/\",\"url\":\"https:\/\/reckinger-alfred.lu\/fr\/nos-installations\/energies-renouvelables\/\",\"name\":\"Panneaux Solaires Photovolta\u00efques Luxembourg | Reckinger\",\"isPartOf\":{\"@id\":\"https:\/\/reckinger-alfred.lu\/fr\/#website\"},\"datePublished\":\"2022-03-01T11:35:14+00:00\",\"dateModified\":\"2023-08-22T07:28:57+00:00\",\"description\":\"Profitez d'une \u00e9nergie renouvelable et appelez Reckinger pour l\u2019installation et l\u2019entretien de panneaux solaires photovolta\u00efques et thermiques, pompe \u00e0 chaleur, g\u00e9othermie\u2026\",\"breadcrumb\":{\"@id\":\"https:\/\/reckinger-alfred.lu\/fr\/nos-installations\/energies-renouvelables\/#breadcrumb\"},\"inLanguage\":\"fr-FR\",\"potentialAction\":[{\"@type\":\"ReadAction\",\"target\":[\"https:\/\/reckinger-alfred.lu\/fr\/nos-installations\/energies-renouvelables\/\"]}]},{\"@type\":\"BreadcrumbList\",\"@id\":\"https:\/\/reckinger-alfred.lu\/fr\/nos-installations\/energies-renouvelables\/#breadcrumb\",\"itemListElement\":[{\"@type\":\"ListItem\",\"position\":1,\"name\":\"Home\",\"item\":\"https:\/\/reckinger-alfred.lu\/fr\/\"},{\"@type\":\"ListItem\",\"position\":2,\"name\":\"Nos installations\",\"item\":\"https:\/\/reckinger-alfred.lu\/fr\/nos-installations\/\"},{\"@type\":\"ListItem\",\"position\":3,\"name\":\"Energies renouvelables\"}]},{\"@type\":\"WebSite\",\"@id\":\"https:\/\/reckinger-alfred.lu\/fr\/#website\",\"url\":\"https:\/\/reckinger-alfred.lu\/fr\/\",\"name\":\"Reckinger Alfred S.A.\",\"description\":\"Air et Eau depuis 1911\",\"publisher\":{\"@id\":\"https:\/\/reckinger-alfred.lu\/fr\/#organization\"},\"potentialAction\":[{\"@type\":\"SearchAction\",\"target\":{\"@type\":\"EntryPoint\",\"urlTemplate\":\"https:\/\/reckinger-alfred.lu\/fr\/?s={search_term_string}\"},\"query-input\":{\"@type\":\"PropertyValueSpecification\",\"valueRequired\":true,\"valueName\":\"search_term_string\"}}],\"inLanguage\":\"fr-FR\"},{\"@type\":\"Organization\",\"@id\":\"https:\/\/reckinger-alfred.lu\/fr\/#organization\",\"name\":\"Reckinger Alfred S.A.\",\"url\":\"https:\/\/reckinger-alfred.lu\/fr\/\",\"logo\":{\"@type\":\"ImageObject\",\"inLanguage\":\"fr-FR\",\"@id\":\"https:\/\/reckinger-alfred.lu\/fr\/#\/schema\/logo\/image\/\",\"url\":\"https:\/\/reckinger-alfred.lu\/app\/uploads\/2021\/10\/logo-reckinger-color@2x.png\",\"contentUrl\":\"https:\/\/reckinger-alfred.lu\/app\/uploads\/2021\/10\/logo-reckinger-color@2x.png\",\"width\":372,\"height\":123,\"caption\":\"Reckinger Alfred S.A.\"},\"image\":{\"@id\":\"https:\/\/reckinger-alfred.lu\/fr\/#\/schema\/logo\/image\/\"},\"sameAs\":[\"https:\/\/www.facebook.com\/reckinger.air.eau\/\",\"https:\/\/www.instagram.com\/reckingeralfred.sa\/\"]}]}<\/script>\n<!-- \/ Yoast SEO plugin. -->","yoast_head_json":{"title":"Panneaux Solaires Photovolta\u00efques Luxembourg | Reckinger","description":"Profitez d'une \u00e9nergie renouvelable et appelez Reckinger pour l\u2019installation et l\u2019entretien de panneaux solaires photovolta\u00efques et thermiques, pompe \u00e0 chaleur, g\u00e9othermie\u2026","robots":{"index":"index","follow":"follow","max-snippet":"max-snippet:-1","max-image-preview":"max-image-preview:large","max-video-preview":"max-video-preview:-1"},"canonical":"https:\/\/reckinger-alfred.lu\/fr\/nos-installations\/energies-renouvelables\/","og_locale":"fr_FR","og_type":"article","og_title":"Panneaux Solaires Photovolta\u00efques Luxembourg | Reckinger","og_description":"Profitez d'une \u00e9nergie renouvelable et appelez Reckinger pour l\u2019installation et l\u2019entretien de panneaux solaires photovolta\u00efques et thermiques, pompe \u00e0 chaleur, g\u00e9othermie\u2026","og_url":"https:\/\/reckinger-alfred.lu\/fr\/nos-installations\/energies-renouvelables\/","og_site_name":"Reckinger Alfred S.A.","article_publisher":"https:\/\/www.facebook.com\/reckinger.air.eau\/","article_modified_time":"2023-08-22T07:28:57+00:00","twitter_card":"summary_large_image","schema":{"@context":"https:\/\/schema.org","@graph":[{"@type":"WebPage","@id":"https:\/\/reckinger-alfred.lu\/fr\/nos-installations\/energies-renouvelables\/","url":"https:\/\/reckinger-alfred.lu\/fr\/nos-installations\/energies-renouvelables\/","name":"Panneaux Solaires Photovolta\u00efques Luxembourg | Reckinger","isPartOf":{"@id":"https:\/\/reckinger-alfred.lu\/fr\/#website"},"datePublished":"2022-03-01T11:35:14+00:00","dateModified":"2023-08-22T07:28:57+00:00","description":"Profitez d'une \u00e9nergie renouvelable et appelez Reckinger pour l\u2019installation et l\u2019entretien de panneaux solaires photovolta\u00efques et thermiques, pompe \u00e0 chaleur, g\u00e9othermie\u2026","breadcrumb":{"@id":"https:\/\/reckinger-alfred.lu\/fr\/nos-installations\/energies-renouvelables\/#breadcrumb"},"inLanguage":"fr-FR","potentialAction":[{"@type":"ReadAction","target":["https:\/\/reckinger-alfred.lu\/fr\/nos-installations\/energies-renouvelables\/"]}]},{"@type":"BreadcrumbList","@id":"https:\/\/reckinger-alfred.lu\/fr\/nos-installations\/energies-renouvelables\/#breadcrumb","itemListElement":[{"@type":"ListItem","position":1,"name":"Home","item":"https:\/\/reckinger-alfred.lu\/fr\/"},{"@type":"ListItem","position":2,"name":"Nos installations","item":"https:\/\/reckinger-alfred.lu\/fr\/nos-installations\/"},{"@type":"ListItem","position":3,"name":"Energies renouvelables"}]},{"@type":"WebSite","@id":"https:\/\/reckinger-alfred.lu\/fr\/#website","url":"https:\/\/reckinger-alfred.lu\/fr\/","name":"Reckinger Alfred S.A.","description":"Air et Eau depuis 1911","publisher":{"@id":"https:\/\/reckinger-alfred.lu\/fr\/#organization"},"potentialAction":[{"@type":"SearchAction","target":{"@type":"EntryPoint","urlTemplate":"https:\/\/reckinger-alfred.lu\/fr\/?s={search_term_string}"},"query-input":{"@type":"PropertyValueSpecification","valueRequired":true,"valueName":"search_term_string"}}],"inLanguage":"fr-FR"},{"@type":"Organization","@id":"https:\/\/reckinger-alfred.lu\/fr\/#organization","name":"Reckinger Alfred S.A.","url":"https:\/\/reckinger-alfred.lu\/fr\/","logo":{"@type":"ImageObject","inLanguage":"fr-FR","@id":"https:\/\/reckinger-alfred.lu\/fr\/#\/schema\/logo\/image\/","url":"https:\/\/reckinger-alfred.lu\/app\/uploads\/2021\/10\/logo-reckinger-color@2x.png","contentUrl":"https:\/\/reckinger-alfred.lu\/app\/uploads\/2021\/10\/logo-reckinger-color@2x.png","width":372,"height":123,"caption":"Reckinger Alfred S.A."},"image":{"@id":"https:\/\/reckinger-alfred.lu\/fr\/#\/schema\/logo\/image\/"},"sameAs":["https:\/\/www.facebook.com\/reckinger.air.eau\/","https:\/\/www.instagram.com\/reckingeralfred.sa\/"]}]}},"_links":{"self":[{"href":"https:\/\/reckinger-alfred.lu\/fr\/wp-json\/wp\/v2\/pages\/1220","targetHints":{"allow":["GET"]}}],"collection":[{"href":"https:\/\/reckinger-alfred.lu\/fr\/wp-json\/wp\/v2\/pages"}],"about":[{"href":"https:\/\/reckinger-alfred.lu\/fr\/wp-json\/wp\/v2\/types\/page"}],"author":[{"embeddable":true,"href":"https:\/\/reckinger-alfred.lu\/fr\/wp-json\/wp\/v2\/users\/1"}],"replies":[{"embeddable":true,"href":"https:\/\/reckinger-alfred.lu\/fr\/wp-json\/wp\/v2\/comments?post=1220"}],"version-history":[{"count":27,"href":"https:\/\/reckinger-alfred.lu\/fr\/wp-json\/wp\/v2\/pages\/1220\/revisions"}],"predecessor-version":[{"id":2986,"href":"https:\/\/reckinger-alfred.lu\/fr\/wp-json\/wp\/v2\/pages\/1220\/revisions\/2986"}],"up":[{"embeddable":true,"href":"https:\/\/reckinger-alfred.lu\/fr\/wp-json\/wp\/v2\/pages\/41"}],"wp:attachment":[{"href":"https:\/\/reckinger-alfred.lu\/fr\/wp-json\/wp\/v2\/media?parent=1220"}],"curies":[{"name":"wp","href":"https:\/\/api.w.org\/{rel}","templated":true}]}}